{"id":250,"date":"2022-04-28T13:30:41","date_gmt":"2022-04-28T11:30:41","guid":{"rendered":"https:\/\/www.martnica.si\/?page_id=250"},"modified":"2022-11-12T10:33:25","modified_gmt":"2022-11-12T09:33:25","slug":"aktivnosti","status":"publish","type":"page","link":"https:\/\/www.martnica.si\/en\/aktivnosti\/","title":{"rendered":"Activities"},"content":{"rendered":"","protected":false},"excerpt":{"rendered":"","protected":false},"author":1,"featured_media":0,"parent":0,"menu_order":0,"comment_status":"closed","ping_status":"closed","template":"","meta":{"pgc_sgb_lightbox_settings":"","footnotes":""},"class_list":["post-250","page","type-page","status-publish","hentry"],"yoast_head":"<!-- This site is optimized with the Yoast SEO plugin v27.4 - https:\/\/yoast.com\/product\/yoast-seo-wordpress\/ -->\n<title>Aktivnosti - Martnica<\/title>\n<meta name=\"description\" content=\"Martnica, Pohorje, Ru\u0161e, Ru\u0161ko Pohorje, Mariborsko Pohorje, rekreacija, pohodni\u0161tvo, kolesarjenje, hrana, pija\u010da, gostilna, restavracija, kolo, team building, zaklju\u010dne dru\u017ebe\" \/>\n<meta name=\"robots\" content=\"index, follow, max-snippet:-1, max-image-preview:large, max-video-preview:-1\" \/>\n<link rel=\"canonical\" href=\"https:\/\/www.martnica.si\/en\/aktivnosti\/\" \/>\n<meta property=\"og:locale\" content=\"en_GB\" \/>\n<meta property=\"og:type\" content=\"article\" \/>\n<meta property=\"og:title\" content=\"Aktivnosti - Martnica\" \/>\n<meta property=\"og:description\" content=\"Martnica, Pohorje, Ru\u0161e, Ru\u0161ko Pohorje, Mariborsko Pohorje, rekreacija, pohodni\u0161tvo, kolesarjenje, hrana, pija\u010da, gostilna, restavracija, kolo, team building, zaklju\u010dne dru\u017ebe\" \/>\n<meta property=\"og:url\" content=\"https:\/\/www.martnica.si\/en\/aktivnosti\/\" \/>\n<meta property=\"og:site_name\" content=\"Martnica\" \/>\n<meta property=\"article:publisher\" content=\"https:\/\/www.facebook.com\/martnica\" \/>\n<meta property=\"article:modified_time\" content=\"2022-11-12T09:33:25+00:00\" \/>\n<meta name=\"twitter:card\" content=\"summary_large_image\" \/>\n<script type=\"application\/ld+json\" class=\"yoast-schema-graph\">{\"@context\":\"https:\\\/\\\/schema.org\",\"@graph\":[{\"@type\":\"WebPage\",\"@id\":\"https:\\\/\\\/www.martnica.si\\\/aktivnosti\\\/\",\"url\":\"https:\\\/\\\/www.martnica.si\\\/aktivnosti\\\/\",\"name\":\"Aktivnosti - Martnica\",\"isPartOf\":{\"@id\":\"https:\\\/\\\/www.martnica.si\\\/#website\"},\"datePublished\":\"2022-04-28T11:30:41+00:00\",\"dateModified\":\"2022-11-12T09:33:25+00:00\",\"description\":\"Martnica, Pohorje, Ru\u0161e, Ru\u0161ko Pohorje, Mariborsko Pohorje, rekreacija, pohodni\u0161tvo, kolesarjenje, hrana, pija\u010da, gostilna, restavracija, kolo, team building, zaklju\u010dne dru\u017ebe\",\"breadcrumb\":{\"@id\":\"https:\\\/\\\/www.martnica.si\\\/aktivnosti\\\/#breadcrumb\"},\"inLanguage\":\"en-GB\",\"potentialAction\":[{\"@type\":\"ReadAction\",\"target\":[\"https:\\\/\\\/www.martnica.si\\\/aktivnosti\\\/\"]}]},{\"@type\":\"BreadcrumbList\",\"@id\":\"https:\\\/\\\/www.martnica.si\\\/aktivnosti\\\/#breadcrumb\",\"itemListElement\":[{\"@type\":\"ListItem\",\"position\":1,\"name\":\"Home\",\"item\":\"https:\\\/\\\/www.martnica.si\\\/\"},{\"@type\":\"ListItem\",\"position\":2,\"name\":\"Aktivnosti\"}]},{\"@type\":\"WebSite\",\"@id\":\"https:\\\/\\\/www.martnica.si\\\/#website\",\"url\":\"https:\\\/\\\/www.martnica.si\\\/\",\"name\":\"Martnica\",\"description\":\"\",\"publisher\":{\"@id\":\"https:\\\/\\\/www.martnica.si\\\/#organization\"},\"potentialAction\":[{\"@type\":\"SearchAction\",\"target\":{\"@type\":\"EntryPoint\",\"urlTemplate\":\"https:\\\/\\\/www.martnica.si\\\/?s={search_term_string}\"},\"query-input\":{\"@type\":\"PropertyValueSpecification\",\"valueRequired\":true,\"valueName\":\"search_term_string\"}}],\"inLanguage\":\"en-GB\"},{\"@type\":\"Organization\",\"@id\":\"https:\\\/\\\/www.martnica.si\\\/#organization\",\"name\":\"Martnica\",\"url\":\"https:\\\/\\\/www.martnica.si\\\/\",\"logo\":{\"@type\":\"ImageObject\",\"inLanguage\":\"en-GB\",\"@id\":\"https:\\\/\\\/www.martnica.si\\\/#\\\/schema\\\/logo\\\/image\\\/\",\"url\":\"https:\\\/\\\/www.martnica.si\\\/wp-content\\\/uploads\\\/2022\\\/04\\\/logo006.png\",\"contentUrl\":\"https:\\\/\\\/www.martnica.si\\\/wp-content\\\/uploads\\\/2022\\\/04\\\/logo006.png\",\"width\":818,\"height\":216,\"caption\":\"Martnica\"},\"image\":{\"@id\":\"https:\\\/\\\/www.martnica.si\\\/#\\\/schema\\\/logo\\\/image\\\/\"},\"sameAs\":[\"https:\\\/\\\/www.facebook.com\\\/martnica\",\"https:\\\/\\\/www.instagram.com\\\/martnicapohorje\\\/\"]}]}<\/script>\n<!-- \/ Yoast SEO plugin. -->","yoast_head_json":{"title":"Aktivnosti - Martnica","description":"Martnica, Pohorje, Ru\u0161e, Ru\u0161ko Pohorje, Mariborsko Pohorje, rekreacija, pohodni\u0161tvo, kolesarjenje, hrana, pija\u010da, gostilna, restavracija, kolo, team building, zaklju\u010dne dru\u017ebe","robots":{"index":"index","follow":"follow","max-snippet":"max-snippet:-1","max-image-preview":"max-image-preview:large","max-video-preview":"max-video-preview:-1"},"canonical":"https:\/\/www.martnica.si\/en\/aktivnosti\/","og_locale":"en_GB","og_type":"article","og_title":"Aktivnosti - Martnica","og_description":"Martnica, Pohorje, Ru\u0161e, Ru\u0161ko Pohorje, Mariborsko Pohorje, rekreacija, pohodni\u0161tvo, kolesarjenje, hrana, pija\u010da, gostilna, restavracija, kolo, team building, zaklju\u010dne dru\u017ebe","og_url":"https:\/\/www.martnica.si\/en\/aktivnosti\/","og_site_name":"Martnica","article_publisher":"https:\/\/www.facebook.com\/martnica","article_modified_time":"2022-11-12T09:33:25+00:00","twitter_card":"summary_large_image","schema":{"@context":"https:\/\/schema.org","@graph":[{"@type":"WebPage","@id":"https:\/\/www.martnica.si\/aktivnosti\/","url":"https:\/\/www.martnica.si\/aktivnosti\/","name":"Aktivnosti - Martnica","isPartOf":{"@id":"https:\/\/www.martnica.si\/#website"},"datePublished":"2022-04-28T11:30:41+00:00","dateModified":"2022-11-12T09:33:25+00:00","description":"Martnica, Pohorje, Ru\u0161e, Ru\u0161ko Pohorje, Mariborsko Pohorje, rekreacija, pohodni\u0161tvo, kolesarjenje, hrana, pija\u010da, gostilna, restavracija, kolo, team building, zaklju\u010dne dru\u017ebe","breadcrumb":{"@id":"https:\/\/www.martnica.si\/aktivnosti\/#breadcrumb"},"inLanguage":"en-GB","potentialAction":[{"@type":"ReadAction","target":["https:\/\/www.martnica.si\/aktivnosti\/"]}]},{"@type":"BreadcrumbList","@id":"https:\/\/www.martnica.si\/aktivnosti\/#breadcrumb","itemListElement":[{"@type":"ListItem","position":1,"name":"Home","item":"https:\/\/www.martnica.si\/"},{"@type":"ListItem","position":2,"name":"Aktivnosti"}]},{"@type":"WebSite","@id":"https:\/\/www.martnica.si\/#website","url":"https:\/\/www.martnica.si\/","name":"Martnica","description":"","publisher":{"@id":"https:\/\/www.martnica.si\/#organization"},"potentialAction":[{"@type":"SearchAction","target":{"@type":"EntryPoint","urlTemplate":"https:\/\/www.martnica.si\/?s={search_term_string}"},"query-input":{"@type":"PropertyValueSpecification","valueRequired":true,"valueName":"search_term_string"}}],"inLanguage":"en-GB"},{"@type":"Organization","@id":"https:\/\/www.martnica.si\/#organization","name":"Martnica","url":"https:\/\/www.martnica.si\/","logo":{"@type":"ImageObject","inLanguage":"en-GB","@id":"https:\/\/www.martnica.si\/#\/schema\/logo\/image\/","url":"https:\/\/www.martnica.si\/wp-content\/uploads\/2022\/04\/logo006.png","contentUrl":"https:\/\/www.martnica.si\/wp-content\/uploads\/2022\/04\/logo006.png","width":818,"height":216,"caption":"Martnica"},"image":{"@id":"https:\/\/www.martnica.si\/#\/schema\/logo\/image\/"},"sameAs":["https:\/\/www.facebook.com\/martnica","https:\/\/www.instagram.com\/martnicapohorje\/"]}]}},"_links":{"self":[{"href":"https:\/\/www.martnica.si\/en\/wp-json\/wp\/v2\/pages\/250","targetHints":{"allow":["GET"]}}],"collection":[{"href":"https:\/\/www.martnica.si\/en\/wp-json\/wp\/v2\/pages"}],"about":[{"href":"https:\/\/www.martnica.si\/en\/wp-json\/wp\/v2\/types\/page"}],"author":[{"embeddable":true,"href":"https:\/\/www.martnica.si\/en\/wp-json\/wp\/v2\/users\/1"}],"replies":[{"embeddable":true,"href":"https:\/\/www.martnica.si\/en\/wp-json\/wp\/v2\/comments?post=250"}],"version-history":[{"count":1,"href":"https:\/\/www.martnica.si\/en\/wp-json\/wp\/v2\/pages\/250\/revisions"}],"predecessor-version":[{"id":251,"href":"https:\/\/www.martnica.si\/en\/wp-json\/wp\/v2\/pages\/250\/revisions\/251"}],"wp:attachment":[{"href":"https:\/\/www.martnica.si\/en\/wp-json\/wp\/v2\/media?parent=250"}],"curies":[{"name":"wp","href":"https:\/\/api.w.org\/{rel}","templated":true}]}}